{"id":13,"date":"2025-05-16T09:33:04","date_gmt":"2025-05-16T09:33:04","guid":{"rendered":"https:\/\/subvencionesydigitalizacion.es\/?page_id=13"},"modified":"2025-05-16T09:43:51","modified_gmt":"2025-05-16T09:43:51","slug":"subvenciones-y-digitalizacion","status":"publish","type":"page","link":"https:\/\/subvencionesydigitalizacion.es\/","title":{"rendered":"Subvenciones y Digitalizaci\u00f3n"},"content":{"rendered":"\t\t<div data-elementor-type=\"wp-page\" data-elementor-id=\"13\" class=\"elementor elementor-13\" data-elementor-post-type=\"page\">\n\t\t\t\t<div class=\"elementor-element elementor-element-079128f e-flex e-con-boxed e-con e-parent\" data-id=\"079128f\" data-element_type=\"container\" data-e-type=\"container\" data-settings=\"{&quot;background_background&quot;:&quot;classic&quot;}\">\n\t\t\t\t\t<div class=\"e-con-inner\">\n\t\t\t\t<div class=\"elementor-element elementor-element-6dcf337 elementor-widget elementor-widget-heading\" data-id=\"6dcf337\" data-element_type=\"widget\" data-e-type=\"widget\" data-widget_type=\"heading.default\">\n\t\t\t\t<div class=\"elementor-widget-container\">\n\t\t\t\t\t<p class=\"elementor-heading-title elementor-size-default\">Consigue las Subvenciones que tu Negocio Necesita<\/p>\t\t\t\t<\/div>\n\t\t\t\t<\/div>\n\t\t\t\t<div class=\"elementor-element elementor-element-03f2138 elementor-widget elementor-widget-image\" data-id=\"03f2138\" data-element_type=\"widget\" data-e-type=\"widget\" data-widget_type=\"image.default\">\n\t\t\t\t<div class=\"elementor-widget-container\">\n\t\t\t\t\t\t\t\t\t\t\t\t\t\t\t<img decoding=\"async\" src=\"https:\/\/subvencionesydigitalizacion.es\/wp-content\/uploads\/elementor\/thumbs\/pexels-sevenstormphotography-443399-scaled-r5vz0xry8pv7cd3f3d2rbznkt5tiawiaqulmfmxz7s.jpg\" title=\"pexels-sevenstormphotography-443399\" alt=\"pexels-sevenstormphotography-443399\" loading=\"lazy\" \/>\t\t\t\t\t\t\t\t\t\t\t\t\t\t\t<\/div>\n\t\t\t\t<\/div>\n\t\t\t\t<div class=\"elementor-element elementor-element-5ee85db elementor-widget elementor-widget-heading\" data-id=\"5ee85db\" data-element_type=\"widget\" data-e-type=\"widget\" data-widget_type=\"heading.default\">\n\t\t\t\t<div class=\"elementor-widget-container\">\n\t\t\t\t\t<p class=\"elementor-heading-title elementor-size-default\">Te ayudamos a identificar, solicitar y obtener las ayudas p\u00fablicas disponibles para impulsar tu empresa, sin complicaciones.<\/p>\t\t\t\t<\/div>\n\t\t\t\t<\/div>\n\t\t\t\t<div class=\"elementor-element elementor-element-171be2c elementor-align-center elementor-widget elementor-widget-button\" data-id=\"171be2c\" data-element_type=\"widget\" data-e-type=\"widget\" data-widget_type=\"button.default\">\n\t\t\t\t<div class=\"elementor-widget-container\">\n\t\t\t\t\t\t\t\t\t<div class=\"elementor-button-wrapper\">\n\t\t\t\t\t<a class=\"elementor-button elementor-button-link elementor-size-sm\" href=\"#\">\n\t\t\t\t\t\t<span class=\"elementor-button-content-wrapper\">\n\t\t\t\t\t\t\t\t\t<span class=\"elementor-button-text\">Haz clic aqu\u00ed<\/span>\n\t\t\t\t\t<\/span>\n\t\t\t\t\t<\/a>\n\t\t\t\t<\/div>\n\t\t\t\t\t\t\t\t<\/div>\n\t\t\t\t<\/div>\n\t\t\t\t\t<\/div>\n\t\t\t\t<\/div>\n\t\t<div class=\"elementor-element elementor-element-e4da186 e-flex e-con-boxed e-con e-parent\" data-id=\"e4da186\" data-element_type=\"container\" data-e-type=\"container\">\n\t\t\t\t\t<div class=\"e-con-inner\">\n\t\t\t\t<div class=\"elementor-element elementor-element-1c03d4a elementor-widget elementor-widget-heading\" data-id=\"1c03d4a\" data-element_type=\"widget\" data-e-type=\"widget\" data-widget_type=\"heading.default\">\n\t\t\t\t<div class=\"elementor-widget-container\">\n\t\t\t\t\t<h2 class=\"elementor-heading-title elementor-size-default\">Accede en un solo lugar a todas las subvenciones disponibles para tu empresa, actualizadas y organizadas por sector, ubicaci\u00f3n y tipo de ayuda. Ahorra tiempo y evita perder oportunidades por falta de informaci\u00f3n.<\/h2>\t\t\t\t<\/div>\n\t\t\t\t<\/div>\n\t\t\t\t<div class=\"elementor-element elementor-element-058dc8a elementor-widget elementor-widget-heading\" data-id=\"058dc8a\" data-element_type=\"widget\" data-e-type=\"widget\" data-widget_type=\"heading.default\">\n\t\t\t\t<div class=\"elementor-widget-container\">\n\t\t\t\t\t<h2 class=\"elementor-heading-title elementor-size-default\">Te guiamos en cada paso del proceso: desde la b\u00fasqueda de la ayuda adecuada hasta la presentaci\u00f3n de la solicitud. Nuestro equipo de expertos maximiza tus posibilidades de \u00e9xito, sin papeleos ni complicaciones.\n\n<\/h2>\t\t\t\t<\/div>\n\t\t\t\t<\/div>\n\t\t\t\t\t<\/div>\n\t\t\t\t<\/div>\n\t\t\t\t<\/div>\n\t\t","protected":false},"excerpt":{"rendered":"<p>Consigue las Subvenciones que tu Negocio Necesita Te ayudamos a identificar, solicitar y obtener las ayudas p\u00fablicas disponibles para impulsar tu empresa, sin complicaciones. Haz clic aqu\u00ed Accede en un solo lugar a todas las subvenciones disponibles para tu empresa, actualizadas y organizadas por sector, ubicaci\u00f3n y tipo de ayuda. Ahorra tiempo y evita perder [&hellip;]<\/p>\n","protected":false},"author":1,"featured_media":0,"parent":0,"menu_order":0,"comment_status":"closed","ping_status":"closed","template":"elementor_header_footer","meta":{"footnotes":""},"class_list":["post-13","page","type-page","status-publish","hentry"],"_links":{"self":[{"href":"https:\/\/subvencionesydigitalizacion.es\/index.php\/wp-json\/wp\/v2\/pages\/13","targetHints":{"allow":["GET"]}}],"collection":[{"href":"https:\/\/subvencionesydigitalizacion.es\/index.php\/wp-json\/wp\/v2\/pages"}],"about":[{"href":"https:\/\/subvencionesydigitalizacion.es\/index.php\/wp-json\/wp\/v2\/types\/page"}],"author":[{"embeddable":true,"href":"https:\/\/subvencionesydigitalizacion.es\/index.php\/wp-json\/wp\/v2\/users\/1"}],"replies":[{"embeddable":true,"href":"https:\/\/subvencionesydigitalizacion.es\/index.php\/wp-json\/wp\/v2\/comments?post=13"}],"version-history":[{"count":10,"href":"https:\/\/subvencionesydigitalizacion.es\/index.php\/wp-json\/wp\/v2\/pages\/13\/revisions"}],"predecessor-version":[{"id":28,"href":"https:\/\/subvencionesydigitalizacion.es\/index.php\/wp-json\/wp\/v2\/pages\/13\/revisions\/28"}],"wp:attachment":[{"href":"https:\/\/subvencionesydigitalizacion.es\/index.php\/wp-json\/wp\/v2\/media?parent=13"}],"curies":[{"name":"wp","href":"https:\/\/api.w.org\/{rel}","templated":true}]}}